{"id":18,"date":"2023-05-22T15:46:26","date_gmt":"2023-05-22T13:46:26","guid":{"rendered":"https:\/\/www.parrocchiadigraffignana.it\/tuxtutti\/?page_id=18"},"modified":"2023-08-24T13:42:22","modified_gmt":"2023-08-24T11:42:22","slug":"balli-canti","status":"publish","type":"page","link":"https:\/\/www.parrocchiadigraffignana.it\/tuxtutti\/balli-canti\/","title":{"rendered":"Balli &#038; Canti"},"content":{"rendered":"\n<h2 class=\"wp-block-heading has-vivid-red-color has-text-color\"><strong>BALLI<\/strong><\/h2>\n\n\n\n<div class=\"wp-block-columns is-layout-flex wp-container-core-columns-is-layout-9d6595d7 wp-block-columns-is-layout-flex\">\n<div class=\"wp-block-column is-layout-flow wp-block-column-is-layout-flow\">\n<figure class=\"wp-block-embed is-type-video is-provider-youtube wp-block-embed-youtube wp-embed-aspect-16-9 wp-has-aspect-ratio\"><div class=\"wp-block-embed__wrapper\">\n<iframe loading=\"lazy\" title=\"Tu per me, TuXTutti\" width=\"1170\" height=\"658\" src=\"https:\/\/www.youtube.com\/embed\/kEoM-vEvbZM?list=PLWVHs941jmKgnk9BHZ1ylV0RUsQ-_cy6V\" frameborder=\"0\" allow=\"accelerometer; autoplay; clipboard-write; encrypted-media; gyroscope; picture-in-picture; web-share\" allowfullscreen><\/iframe>\n<\/div><\/figure>\n\n\n\n<figure class=\"wp-block-embed is-type-video is-provider-youtube wp-block-embed-youtube wp-embed-aspect-16-9 wp-has-aspect-ratio\"><div class=\"wp-block-embed__wrapper\">\n<iframe loading=\"lazy\" title=\"Ma per\u00f2\" width=\"1170\" height=\"658\" src=\"https:\/\/www.youtube.com\/embed\/qXp7swzicPQ?list=PLWVHs941jmKgnk9BHZ1ylV0RUsQ-_cy6V\" frameborder=\"0\" allow=\"accelerometer; autoplay; clipboard-write; encrypted-media; gyroscope; picture-in-picture; web-share\" allowfullscreen><\/iframe>\n<\/div><\/figure>\n\n\n\n<figure class=\"wp-block-embed is-type-video is-provider-youtube wp-block-embed-youtube wp-embed-aspect-16-9 wp-has-aspect-ratio\"><div class=\"wp-block-embed__wrapper\">\n<iframe loading=\"lazy\" title=\"TUXTUTTI\" width=\"1170\" height=\"658\" src=\"https:\/\/www.youtube.com\/embed\/jHUnw4PR8nA?feature=oembed\" frameborder=\"0\" allow=\"accelerometer; autoplay; clipboard-write; encrypted-media; gyroscope; picture-in-picture; web-share\" allowfullscreen><\/iframe>\n<\/div><\/figure>\n<\/div>\n\n\n\n<div class=\"wp-block-column is-layout-flow wp-block-column-is-layout-flow\">\n<figure class=\"wp-block-embed is-type-video is-provider-youtube wp-block-embed-youtube wp-embed-aspect-16-9 wp-has-aspect-ratio\"><div class=\"wp-block-embed__wrapper\">\n<iframe loading=\"lazy\" title=\"TuXTutti farai la differenza\" width=\"1170\" height=\"658\" src=\"https:\/\/www.youtube.com\/embed\/l7vw5C3tKyM?list=PLWVHs941jmKgnk9BHZ1ylV0RUsQ-_cy6V\" frameborder=\"0\" allow=\"accelerometer; autoplay; clipboard-write; encrypted-media; gyroscope; picture-in-picture; web-share\" allowfullscreen><\/iframe>\n<\/div><\/figure>\n\n\n\n<figure class=\"wp-block-embed is-type-video is-provider-youtube wp-block-embed-youtube wp-embed-aspect-16-9 wp-has-aspect-ratio\"><div class=\"wp-block-embed__wrapper\">\n<iframe loading=\"lazy\" title=\"D\u00e6n D\u00e6n D\u00e6nce!\" width=\"1170\" height=\"658\" src=\"https:\/\/www.youtube.com\/embed\/Sx-MkQYKAjk?list=PLWVHs941jmKgnk9BHZ1ylV0RUsQ-_cy6V\" frameborder=\"0\" allow=\"accelerometer; autoplay; clipboard-write; encrypted-media; gyroscope; picture-in-picture; web-share\" allowfullscreen><\/iframe>\n<\/div><\/figure>\n\n\n\n<figure class=\"wp-block-embed is-type-video is-provider-youtube wp-block-embed-youtube wp-embed-aspect-16-9 wp-has-aspect-ratio\"><div class=\"wp-block-embed__wrapper\">\n<iframe loading=\"lazy\" title=\"Serviceman\" width=\"1170\" height=\"658\" src=\"https:\/\/www.youtube.com\/embed\/YtmF9q0osmk?list=PLWVHs941jmKgnk9BHZ1ylV0RUsQ-_cy6V\" frameborder=\"0\" allow=\"accelerometer; autoplay; clipboard-write; encrypted-media; gyroscope; picture-in-picture; web-share\" allowfullscreen><\/iframe>\n<\/div><\/figure>\n<\/div>\n<\/div>\n\n\n\n<h2 class=\"wp-block-heading\"><strong>CANTI<\/strong><\/h2>\n\n\n\n<div class=\"wp-block-columns is-layout-flex wp-container-core-columns-is-layout-9d6595d7 wp-block-columns-is-layout-flex\">\n<div class=\"wp-block-column is-layout-flow wp-block-column-is-layout-flow\">\n<figure class=\"wp-block-embed is-type-video is-provider-youtube wp-block-embed-youtube wp-embed-aspect-16-9 wp-has-aspect-ratio\"><div class=\"wp-block-embed__wrapper\">\n<iframe loading=\"lazy\" title=\"TU SEI PER NOI\" width=\"1170\" height=\"658\" src=\"https:\/\/www.youtube.com\/embed\/OO87dJO8cWk?feature=oembed\" frameborder=\"0\" allow=\"accelerometer; autoplay; clipboard-write; encrypted-media; gyroscope; picture-in-picture; web-share\" allowfullscreen><\/iframe>\n<\/div><\/figure>\n<\/div>\n\n\n\n<div class=\"wp-block-column is-layout-flow wp-block-column-is-layout-flow\">\n<figure class=\"wp-block-embed is-type-video is-provider-youtube wp-block-embed-youtube wp-embed-aspect-16-9 wp-has-aspect-ratio\"><div class=\"wp-block-embed__wrapper\">\n<iframe loading=\"lazy\" title=\"LE CANZONI\" width=\"1170\" height=\"658\" src=\"https:\/\/www.youtube.com\/embed\/f0rTncuK4yQ?feature=oembed\" frameborder=\"0\" allow=\"accelerometer; autoplay; clipboard-write; encrypted-media; gyroscope; picture-in-picture; web-share\" allowfullscreen><\/iframe>\n<\/div><\/figure>\n<\/div>\n<\/div>\n","protected":false},"excerpt":{"rendered":"<p>BALLI CANTI<\/p>\n","protected":false},"author":1,"featured_media":0,"parent":0,"menu_order":0,"comment_status":"closed","ping_status":"closed","template":"","meta":{"footnotes":""},"class_list":["post-18","page","type-page","status-publish","hentry"],"_links":{"self":[{"href":"https:\/\/www.parrocchiadigraffignana.it\/tuxtutti\/wp-json\/wp\/v2\/pages\/18","targetHints":{"allow":["GET"]}}],"collection":[{"href":"https:\/\/www.parrocchiadigraffignana.it\/tuxtutti\/wp-json\/wp\/v2\/pages"}],"about":[{"href":"https:\/\/www.parrocchiadigraffignana.it\/tuxtutti\/wp-json\/wp\/v2\/types\/page"}],"author":[{"embeddable":true,"href":"https:\/\/www.parrocchiadigraffignana.it\/tuxtutti\/wp-json\/wp\/v2\/users\/1"}],"replies":[{"embeddable":true,"href":"https:\/\/www.parrocchiadigraffignana.it\/tuxtutti\/wp-json\/wp\/v2\/comments?post=18"}],"version-history":[{"count":4,"href":"https:\/\/www.parrocchiadigraffignana.it\/tuxtutti\/wp-json\/wp\/v2\/pages\/18\/revisions"}],"predecessor-version":[{"id":160,"href":"https:\/\/www.parrocchiadigraffignana.it\/tuxtutti\/wp-json\/wp\/v2\/pages\/18\/revisions\/160"}],"wp:attachment":[{"href":"https:\/\/www.parrocchiadigraffignana.it\/tuxtutti\/wp-json\/wp\/v2\/media?parent=18"}],"curies":[{"name":"wp","href":"https:\/\/api.w.org\/{rel}","templated":true}]}}