{"id":57,"date":"2020-07-06T20:54:38","date_gmt":"2020-07-06T18:54:38","guid":{"rendered":"http:\/\/www.parrocchiadigraffignana.it\/summerlife\/?page_id=57"},"modified":"2020-08-09T14:49:33","modified_gmt":"2020-08-09T12:49:33","slug":"come-funziona","status":"publish","type":"page","link":"https:\/\/www.parrocchiadigraffignana.it\/summerlife\/come-funziona\/","title":{"rendered":"Come funziona?"},"content":{"rendered":"\n<p class=\"has-medium-font-size\">Quest&#8217;anno il grest si \u00e8 dovuto reinventare, con regole e modalit\u00e0 nuove, per la sicurezza di tutti.<\/p>\n\n\n\n<p class=\"has-medium-font-size\">I Posti disponibili saranno limitati perch\u00e8 andranno creati <strong>GRUPPI STABILI<\/strong> e omogenei affidati ad un animatore responsabile.<\/p>\n\n\n\n<hr class=\"wp-block-separator\"\/>\n\n\n\n<p class=\"has-medium-font-size\">L&#8217;ingresso in oratorio sar\u00e0 consentito soltanto ai ragazzi, verr\u00e0 allestita una zona Triage per la misurazione della febbre e la disinfezione delle mani.<\/p>\n\n\n\n<p class=\"has-medium-font-size\">Gli orari d&#8217;entrata saranno diversi a seconda dei gruppi, ad ogni famiglia verr\u00e0 comunicato l&#8217;orario d&#8217;ingresso tramite sms o mail.<\/p>\n\n\n\n<hr class=\"wp-block-separator\"\/>\n\n\n\n<p class=\"has-medium-font-size\">alle famiglie chiediamo di fornire ai propri figli:<\/p>\n\n\n\n<ul class=\"wp-block-list\"><li>BORRACCIA TERMICA<\/li><li>NR. 5 MASCHERINE CHIRURGICHE (la segreteria pu\u00f2 fornire mascherine al costo di \u20ac0,50 c.una)<\/li><li>CAPPELLINO E CAMBIO D&#8217;ABITO<\/li><\/ul>\n\n\n\n<p><\/p>\n","protected":false},"excerpt":{"rendered":"<p>Quest&#8217;anno il grest si \u00e8 dovuto reinventare, con regole e modalit\u00e0 nuove, per la sicurezza di tutti. I Posti disponibili saranno limitati perch\u00e8 andranno creati GRUPPI STABILI e omogenei affidati ad un animatore responsabile. L&#8217;ingresso in oratorio sar\u00e0 consentito soltanto ai ragazzi, verr\u00e0 allestita una zona Triage per la misurazione della febbre e la disinfezione&hellip;<\/p>\n","protected":false},"author":1,"featured_media":0,"parent":0,"menu_order":0,"comment_status":"closed","ping_status":"closed","template":"","meta":{"footnotes":""},"class_list":["post-57","page","type-page","status-publish","hentry"],"_links":{"self":[{"href":"https:\/\/www.parrocchiadigraffignana.it\/summerlife\/wp-json\/wp\/v2\/pages\/57","targetHints":{"allow":["GET"]}}],"collection":[{"href":"https:\/\/www.parrocchiadigraffignana.it\/summerlife\/wp-json\/wp\/v2\/pages"}],"about":[{"href":"https:\/\/www.parrocchiadigraffignana.it\/summerlife\/wp-json\/wp\/v2\/types\/page"}],"author":[{"embeddable":true,"href":"https:\/\/www.parrocchiadigraffignana.it\/summerlife\/wp-json\/wp\/v2\/users\/1"}],"replies":[{"embeddable":true,"href":"https:\/\/www.parrocchiadigraffignana.it\/summerlife\/wp-json\/wp\/v2\/comments?post=57"}],"version-history":[{"count":11,"href":"https:\/\/www.parrocchiadigraffignana.it\/summerlife\/wp-json\/wp\/v2\/pages\/57\/revisions"}],"predecessor-version":[{"id":162,"href":"https:\/\/www.parrocchiadigraffignana.it\/summerlife\/wp-json\/wp\/v2\/pages\/57\/revisions\/162"}],"wp:attachment":[{"href":"https:\/\/www.parrocchiadigraffignana.it\/summerlife\/wp-json\/wp\/v2\/media?parent=57"}],"curies":[{"name":"wp","href":"https:\/\/api.w.org\/{rel}","templated":true}]}}