{"id":38,"date":"2020-07-06T20:46:38","date_gmt":"2020-07-06T18:46:38","guid":{"rendered":"http:\/\/www.parrocchiadigraffignana.it\/summerlife\/?page_id=38"},"modified":"2020-09-03T13:21:23","modified_gmt":"2020-09-03T11:21:23","slug":"comunicazioni","status":"publish","type":"page","link":"https:\/\/www.parrocchiadigraffignana.it\/summerlife\/comunicazioni\/","title":{"rendered":"Comunicazioni"},"content":{"rendered":"\n<p><strong><strong>Comunicazione 06 del 03 settembre 2020 ore 12:00<\/strong><\/strong><\/p>\n\n\n\n<p>Questo pomeriggio, tempo permettendo faremo i<strong> giochi d\u2019acqua<\/strong>, pertanto chiediamo che i ragazzi arrivino con costume (gi\u00e0 indossato) e cambio nello zaino.<\/p>\n\n\n\n<p><strong><strong>Comunicazione 05 del 02 settembre 2020 ore 10:00<\/strong><\/strong><\/p>\n\n\n\n<p>Serata Finale del Grest, SABATO 5 SETTEMBRE, ORE 21:00, IN ORATORIO, in sicurezza covid-19, si allega la locandina.<\/p>\n\n\n\n<div class=\"wp-block-buttons is-layout-flex wp-block-buttons-is-layout-flex\">\n<div class=\"wp-block-button is-style-outline is-style-outline--1\"><a class=\"wp-block-button__link has-luminous-vivid-amber-to-luminous-vivid-orange-gradient-background has-background\" href=\"http:\/\/www.parrocchiadigraffignana.it\/summerlife\/wp-content\/uploads\/sites\/4\/2020\/09\/Serata_finale-2020.pdf\" target=\"_blank\" rel=\"noreferrer noopener\"><strong>LOCANDINA GREST 2020 SUMMERLIFE<\/strong><\/a><\/div>\n<\/div>\n\n\n\n<p><strong><strong>Comunicazione 04 del 29 agosto 2020 ore 19:00<\/strong><\/strong><\/p>\n\n\n\n<p>Marted\u00ec 1 Settembre, durante la mattina, per i ragazzi e le ragazze dalla classe 5\u00aa Elementare (fatta), \u00e8 prevista un\u2019uscita in bicicletta (Graffignana-Fontanili del Parco del Sillaro), pertanto chiediamo che i partecipanti arrivino muniti di bicicletta, cappellino e acqua, inoltre \u00e8 consigliato che i ragazzi indossino il casco. Arrivati a destinazione ci sar\u00e0 spazio per un pranzo al sacco (che i ragazzi porteranno da casa), in seguito il gruppo far\u00e0 rientro in oratorio per proseguire regolarmente la giornata.<\/p>\n\n\n\n<div class=\"wp-block-buttons is-layout-flex wp-block-buttons-is-layout-flex\">\n<div class=\"wp-block-button is-style-outline is-style-outline--2\"><a class=\"wp-block-button__link has-luminous-vivid-amber-to-luminous-vivid-orange-gradient-background has-background\" href=\"http:\/\/www.parrocchiadigraffignana.it\/summerlife\/wp-content\/uploads\/sites\/4\/2020\/08\/BiciclettataOK.pdf\" target=\"_blank\" rel=\"noreferrer noopener\"><strong>MODULO BICICLETTATA<\/strong><\/a><\/div>\n<\/div>\n\n\n\n<hr class=\"wp-block-separator\"\/>\n\n\n\n<p><strong><strong>Comunicazione 03 del 29 agosto 2020 ore 18:00<\/strong><\/strong><\/p>\n\n\n\n<p>Care famiglie inviamo in allegato le indicazioni per l\u2019inizio del GREST e il video che spiega come compilare digitalmente la dichiarazione di buona salute. La dichiarazione \u00e8 necessaria per legge e va rinnovata ogni giorno. Abbiamo scelto di farla compilare digitalmente per evitare la circolazione di troppa carta. Potrete compilare l\u2019allegato di buona salute dalle ore 00:01 del giorno di GREST. Gli allegati verranno controllati all&#8217;accesso, pertanto in caso di mancata compilazione saremo costretti a contattarvi.<br>Rispondete pure in privato in caso di necessit\u00e0. Restiamo a disposizione. Buon GREST a tutti !!!!<\/p>\n\n\n\n<div class=\"wp-block-columns is-layout-flex wp-container-core-columns-is-layout-9d6595d7 wp-block-columns-is-layout-flex\">\n<div class=\"wp-block-column is-layout-flow wp-block-column-is-layout-flow\">\n<div class=\"wp-block-buttons is-layout-flex wp-block-buttons-is-layout-flex\">\n<div class=\"wp-block-button is-style-outline is-style-outline--3\"><a class=\"wp-block-button__link has-black-color has-luminous-vivid-amber-to-luminous-vivid-orange-gradient-background has-text-color has-background\" href=\"http:\/\/www.parrocchiadigraffignana.it\/summerlife\/wp-content\/uploads\/sites\/4\/2020\/08\/Cosa-porto-al-grest-summerlife-2020.pdf\" target=\"_blank\" rel=\"noreferrer noopener\"><strong>ALLEGATO: INDICAZIONI PER L&#8217;INIZIO DEL GREST<\/strong><\/a><\/div>\n<\/div>\n<\/div>\n\n\n\n<div class=\"wp-block-column is-layout-flow wp-block-column-is-layout-flow\">\n<figure class=\"wp-block-embed-youtube wp-block-embed is-type-video is-provider-youtube wp-embed-aspect-16-9 wp-has-aspect-ratio\"><div class=\"wp-block-embed__wrapper\">\n<iframe loading=\"lazy\" title=\"Compilazione Digitale Dichiarazione Buona Salute - GREST SUMMERLIFE 2020\" width=\"1170\" height=\"658\" src=\"https:\/\/www.youtube.com\/embed\/RDkGhMveKHY?feature=oembed\" frameborder=\"0\" allow=\"accelerometer; autoplay; encrypted-media; gyroscope; picture-in-picture\" allowfullscreen><\/iframe>\n<\/div><\/figure>\n<\/div>\n<\/div>\n\n\n\n<hr class=\"wp-block-separator\"\/>\n\n\n\n<p><strong><strong>Comunicazione 02 del 07 agosto 2020 ore 22:00<\/strong><\/strong><\/p>\n\n\n\n<p>Segreteria:<\/p>\n\n\n\n<p>\u00e8 possibile iscriversi al grest sul suto www.portaleoracom.it, la segreteria sar\u00e0 aperta SU APPUNTAMENTO:<\/p>\n\n\n\n<p>MARTEDI\u2019 11 AGOSTO&nbsp;&nbsp;&nbsp;&nbsp;&nbsp;&nbsp;&nbsp;&nbsp;&nbsp;&nbsp;&nbsp; 20:30 \u2013 22:00<\/p>\n\n\n\n<p>MERCOLEDI\u2019 12 AGOSTO&nbsp;&nbsp;&nbsp;&nbsp;&nbsp;&nbsp; 20:30 \u2013 22:00&nbsp;&nbsp;&nbsp;&nbsp;&nbsp;&nbsp;&nbsp;&nbsp;<\/p>\n\n\n\n<p>VENERDI\u2019 21 AGOSTO&nbsp;&nbsp;&nbsp;&nbsp;&nbsp;&nbsp;&nbsp;&nbsp;&nbsp;&nbsp;&nbsp; 20:30 \u2013 22:00<\/p>\n\n\n\n<p>SABATO 22 AGOSTO&nbsp;&nbsp;&nbsp;&nbsp;&nbsp;&nbsp;&nbsp;&nbsp;&nbsp;&nbsp;&nbsp;&nbsp;&nbsp;&nbsp; 10:00 \u2013 12:00 \/ 14:00 \u2013 17:00<\/p>\n\n\n\n<p>DOMENICA 23 AGOSTO&nbsp;&nbsp;&nbsp;&nbsp;&nbsp;&nbsp;&nbsp; 10:00 \u2013 12:00 \/ 14:00 \u2013 17:00<strong>&nbsp;&nbsp;&nbsp;&nbsp;&nbsp;&nbsp;&nbsp;&nbsp;&nbsp;&nbsp;&nbsp;&nbsp;&nbsp;&nbsp;&nbsp;&nbsp;&nbsp;<\/strong><\/p>\n\n\n\n<p><strong>PRENOTAZIONE APPUNTAMENTO:<\/strong><\/p>\n\n\n\n<p>VIA WHATSAPP AL NUMERO&nbsp;&nbsp;&nbsp;&nbsp;&nbsp; 333 64 62 782<\/p>\n\n\n\n<p>SUL SITO&nbsp;&nbsp;&nbsp;&nbsp;&nbsp;&nbsp;&nbsp;&nbsp;&nbsp;&nbsp;&nbsp;&nbsp;&nbsp;&nbsp;&nbsp;&nbsp;&nbsp;&nbsp;&nbsp;&nbsp;&nbsp;&nbsp;&nbsp;&nbsp;&nbsp;&nbsp;&nbsp;&nbsp;&nbsp;&nbsp;&nbsp;&nbsp;&nbsp;&nbsp;&nbsp;&nbsp;&nbsp;&nbsp;&nbsp;&nbsp; <a href=\"https:\/\/www.parrocchiadigraffignana.it\/summerlife\/prenotazione-appuntamento\/\">http:\/\/summerlife.parrocchiadigraffignana.it\/<\/a><\/p>\n\n\n\n<p>VIA MAIL&nbsp;&nbsp;&nbsp;&nbsp;&nbsp;&nbsp;&nbsp;&nbsp;&nbsp;&nbsp;&nbsp;&nbsp;&nbsp;&nbsp;&nbsp;&nbsp;&nbsp;&nbsp;&nbsp;&nbsp;&nbsp;&nbsp;&nbsp;&nbsp;&nbsp;&nbsp;&nbsp;&nbsp;&nbsp;&nbsp;&nbsp;&nbsp;&nbsp;&nbsp;&nbsp;&nbsp;&nbsp;&nbsp;&nbsp; <a href=\"mailto:summerlife2020@parrocchiadigraffignana.it\" target=\"_blank\" rel=\"noreferrer noopener\">summerlife2020@parrocchiadigraffignana.it<\/a><\/p>\n\n\n\n<hr class=\"wp-block-separator\"\/>\n\n\n\n<p><strong>Comunicazione 01 del 07 agosto 2020 ore 20:45<\/strong><\/p>\n\n\n\n<p>Siamo pronti per iniziare questo nuovo grest, sicuramente non sar\u00e0 come gli altri ma ci divertiremo!<\/p>\n\n\n\n<p>Allegati:<\/p>\n\n\n\n<div class=\"wp-block-buttons alignleft is-layout-flex wp-block-buttons-is-layout-flex\">\n<div class=\"wp-block-button is-style-outline is-style-outline--4\"><a class=\"wp-block-button__link has-very-dark-gray-color has-luminous-vivid-amber-to-luminous-vivid-orange-gradient-background has-text-color has-background\" href=\"http:\/\/www.parrocchiadigraffignana.it\/summerlife\/wp-content\/uploads\/sites\/4\/2020\/08\/Locandina_Summerlife.pdf\" target=\"_blank\" rel=\"noreferrer noopener\"><strong>LOCANDINA GREST SUMMERLIFE 2020<\/strong><\/a><\/div>\n<\/div>\n\n\n\n<p><\/p>\n","protected":false},"excerpt":{"rendered":"<p>Comunicazione 06 del 03 settembre 2020 ore 12:00 Questo pomeriggio, tempo permettendo faremo i giochi d\u2019acqua, pertanto chiediamo che i ragazzi arrivino con costume (gi\u00e0 indossato) e cambio nello zaino. Comunicazione 05 del 02 settembre 2020 ore 10:00 Serata Finale del Grest, SABATO 5 SETTEMBRE, ORE 21:00, IN ORATORIO, in sicurezza covid-19, si allega la&hellip;<\/p>\n","protected":false},"author":1,"featured_media":0,"parent":0,"menu_order":0,"comment_status":"closed","ping_status":"closed","template":"","meta":{"footnotes":""},"class_list":["post-38","page","type-page","status-publish","hentry"],"_links":{"self":[{"href":"https:\/\/www.parrocchiadigraffignana.it\/summerlife\/wp-json\/wp\/v2\/pages\/38","targetHints":{"allow":["GET"]}}],"collection":[{"href":"https:\/\/www.parrocchiadigraffignana.it\/summerlife\/wp-json\/wp\/v2\/pages"}],"about":[{"href":"https:\/\/www.parrocchiadigraffignana.it\/summerlife\/wp-json\/wp\/v2\/types\/page"}],"author":[{"embeddable":true,"href":"https:\/\/www.parrocchiadigraffignana.it\/summerlife\/wp-json\/wp\/v2\/users\/1"}],"replies":[{"embeddable":true,"href":"https:\/\/www.parrocchiadigraffignana.it\/summerlife\/wp-json\/wp\/v2\/comments?post=38"}],"version-history":[{"count":21,"href":"https:\/\/www.parrocchiadigraffignana.it\/summerlife\/wp-json\/wp\/v2\/pages\/38\/revisions"}],"predecessor-version":[{"id":243,"href":"https:\/\/www.parrocchiadigraffignana.it\/summerlife\/wp-json\/wp\/v2\/pages\/38\/revisions\/243"}],"wp:attachment":[{"href":"https:\/\/www.parrocchiadigraffignana.it\/summerlife\/wp-json\/wp\/v2\/media?parent=38"}],"curies":[{"name":"wp","href":"https:\/\/api.w.org\/{rel}","templated":true}]}}