{"id":201,"date":"2020-08-31T20:23:07","date_gmt":"2020-08-31T18:23:07","guid":{"rendered":"http:\/\/www.parrocchiadigraffignana.it\/summerlife\/?page_id=201"},"modified":"2022-03-26T15:53:30","modified_gmt":"2022-03-26T14:53:30","slug":"instasummerlife","status":"publish","type":"page","link":"https:\/\/www.parrocchiadigraffignana.it\/summerlife\/instasummerlife\/","title":{"rendered":"#instasummerlife"},"content":{"rendered":"\n<div class=\"wp-block-image\"><figure class=\"aligncenter size-large\"><img loading=\"lazy\" decoding=\"async\" width=\"1024\" height=\"294\" src=\"http:\/\/www.parrocchiadigraffignana.it\/summerlife\/wp-content\/uploads\/sites\/4\/2020\/08\/instasummerlife-1024x294.png\" alt=\"\" class=\"wp-image-208\" srcset=\"https:\/\/www.parrocchiadigraffignana.it\/summerlife\/wp-content\/uploads\/sites\/4\/2020\/08\/instasummerlife-1024x294.png 1024w, https:\/\/www.parrocchiadigraffignana.it\/summerlife\/wp-content\/uploads\/sites\/4\/2020\/08\/instasummerlife-300x86.png 300w, https:\/\/www.parrocchiadigraffignana.it\/summerlife\/wp-content\/uploads\/sites\/4\/2020\/08\/instasummerlife-768x220.png 768w, https:\/\/www.parrocchiadigraffignana.it\/summerlife\/wp-content\/uploads\/sites\/4\/2020\/08\/instasummerlife-1536x440.png 1536w, https:\/\/www.parrocchiadigraffignana.it\/summerlife\/wp-content\/uploads\/sites\/4\/2020\/08\/instasummerlife.png 1887w\" sizes=\"auto, (max-width: 1024px) 100vw, 1024px\" \/><\/figure><\/div>\n\n\n\n<hr class=\"wp-block-separator\"\/>\n\n\n\n<h2 class=\"has-vivid-red-color has-text-color wp-block-heading\"><strong>Luned\u00ec 31 Agosto 2020<\/strong><\/h2>\n\n\n\n<div class=\"wp-block-buttons is-layout-flex wp-block-buttons-is-layout-flex\">\n<div class=\"wp-block-button is-style-outline is-style-outline--1\"><a class=\"wp-block-button__link has-luminous-vivid-amber-to-luminous-vivid-orange-gradient-background has-background\" href=\"https:\/\/photos.app.goo.gl\/GwU6oejY3ZYargaZ8\" target=\"_blank\" rel=\"noreferrer noopener\"><strong>MATTINA<\/strong> &#8211; Divisione in squadre e gruppi, giochi e attivit\u00e0<\/a><\/div>\n<\/div>\n\n\n\n<div class=\"wp-block-group\"><div class=\"wp-block-group__inner-container is-layout-flow wp-block-group-is-layout-flow\">\n<div class=\"wp-block-buttons is-layout-flex wp-block-buttons-is-layout-flex\">\n<div class=\"wp-block-button is-style-outline is-style-outline--2\"><a class=\"wp-block-button__link has-luminous-vivid-amber-to-luminous-vivid-orange-gradient-background has-background\" href=\"https:\/\/photos.app.goo.gl\/cf5SFFgVR88tbxYh6\" target=\"_blank\" rel=\"noreferrer noopener\"><strong>POMERIGGIO<\/strong> &#8211; Giochi<\/a><\/div>\n<\/div>\n<\/div><\/div>\n\n\n\n<h2 class=\"has-vivid-red-color has-text-color wp-block-heading\"><strong>Marted\u00ec 01 Settembre 2020<\/strong><\/h2>\n\n\n\n<div class=\"wp-block-buttons is-layout-flex wp-block-buttons-is-layout-flex\">\n<div class=\"wp-block-button is-style-outline is-style-outline--3\"><a class=\"wp-block-button__link has-luminous-vivid-amber-to-luminous-vivid-orange-gradient-background has-background\" href=\"https:\/\/photos.app.goo.gl\/aUgYr3at3nkj47vw7\" target=\"_blank\" rel=\"noreferrer noopener\"><strong>MATTINA<\/strong> &#8211; Giochi e attivit\u00e0, Biciclettata<\/a><\/div>\n<\/div>\n\n\n\n<div class=\"wp-block-buttons is-layout-flex wp-block-buttons-is-layout-flex\">\n<div class=\"wp-block-button is-style-outline is-style-outline--4\"><a class=\"wp-block-button__link has-luminous-vivid-amber-to-luminous-vivid-orange-gradient-background has-background\" href=\"https:\/\/photos.app.goo.gl\/pacgWwQFaCcB1DN66\" target=\"_blank\" rel=\"noreferrer noopener\"><strong>POMERIGGIO <\/strong>&#8211; Alla scoperta di Graffignana, ospite Prof. Ghizzoni Simone<\/a><\/div>\n<\/div>\n\n\n\n<h2 class=\"has-vivid-red-color has-text-color wp-block-heading\"><strong>Mercoled\u00ec 02 Settembre 2020<\/strong><\/h2>\n\n\n\n<div class=\"wp-block-buttons is-layout-flex wp-block-buttons-is-layout-flex\">\n<div class=\"wp-block-button is-style-outline is-style-outline--5\"><a class=\"wp-block-button__link has-luminous-vivid-amber-to-luminous-vivid-orange-gradient-background has-background\" href=\"https:\/\/photos.app.goo.gl\/VCARa7PbfS2Uocxg8\" target=\"_blank\" rel=\"noreferrer noopener\"><strong>MATTINA<\/strong> &#8211; Olimpiadi<\/a><\/div>\n<\/div>\n\n\n\n<div class=\"wp-block-buttons is-layout-flex wp-block-buttons-is-layout-flex\">\n<div class=\"wp-block-button is-style-outline is-style-outline--6\"><a class=\"wp-block-button__link has-luminous-vivid-amber-to-luminous-vivid-orange-gradient-background has-background\" href=\"https:\/\/photos.app.goo.gl\/HMAB4zx68o348uiQ7\" target=\"_blank\" rel=\"noreferrer noopener\"><strong>POMERIGGIO <\/strong>&#8211; Cluedo e gioco dell&#8217;oca<\/a><\/div>\n<\/div>\n\n\n\n<div class=\"wp-block-buttons is-layout-flex wp-block-buttons-is-layout-flex\">\n<div class=\"wp-block-button is-style-outline is-style-outline--7\"><a class=\"wp-block-button__link has-luminous-vivid-amber-to-luminous-vivid-orange-gradient-background has-background\" href=\"https:\/\/youtu.be\/VdFOcGCIVYg\" target=\"_blank\" rel=\"noreferrer noopener\"><strong>Video CLUEDO<\/strong> &#8211; Dora l&#8217;Esploratrice<\/a><\/div>\n<\/div>\n\n\n\n<h2 class=\"has-vivid-red-color has-text-color wp-block-heading\"><strong>Gioved\u00ec 03 Settembre 2020<\/strong><\/h2>\n\n\n\n<div class=\"wp-block-buttons is-layout-flex wp-block-buttons-is-layout-flex\">\n<div class=\"wp-block-button is-style-outline is-style-outline--8\"><a class=\"wp-block-button__link has-luminous-vivid-amber-to-luminous-vivid-orange-gradient-background has-background\" href=\"https:\/\/photos.app.goo.gl\/pQApHmm1Ht7FjYdM9\" target=\"_blank\" rel=\"noreferrer noopener\"><strong>MATTINA<\/strong> &#8211; Caccia al Tesoro (Grandi) &amp; Giochi (Piccoli)<\/a><\/div>\n<\/div>\n\n\n\n<div class=\"wp-block-buttons is-layout-flex wp-block-buttons-is-layout-flex\">\n<div class=\"wp-block-button is-style-outline is-style-outline--9\"><a class=\"wp-block-button__link has-luminous-vivid-amber-to-luminous-vivid-orange-gradient-background has-background\" href=\"https:\/\/photos.app.goo.gl\/d1Fq5jzwy6WC8mNR9\" target=\"_blank\" rel=\"noreferrer noopener\"><strong>POMERIGGIO <\/strong>&#8211; Giochi d&#8217;Acqua<\/a><\/div>\n<\/div>\n\n\n\n<h2 class=\"has-vivid-red-color has-text-color wp-block-heading\"><strong>Venerd\u00ec 04 Settembre 2020<\/strong><\/h2>\n\n\n\n<div class=\"wp-block-buttons is-layout-flex wp-block-buttons-is-layout-flex\">\n<div class=\"wp-block-button is-style-outline is-style-outline--10\"><a class=\"wp-block-button__link has-luminous-vivid-amber-to-luminous-vivid-orange-gradient-background has-background\" href=\"https:\/\/photos.app.goo.gl\/8NkHbcu8UjbYES566\" target=\"_blank\" rel=\"noreferrer noopener\"><strong>MATTINA<\/strong> &#8211; Tornei (Grandi) e Caccia al Tesoro (Piccoli)<\/a><\/div>\n<\/div>\n\n\n\n<div class=\"wp-block-buttons is-layout-flex wp-block-buttons-is-layout-flex\">\n<div class=\"wp-block-button is-style-outline is-style-outline--11\"><a class=\"wp-block-button__link has-luminous-vivid-amber-to-luminous-vivid-orange-gradient-background has-background\" href=\"https:\/\/photos.app.goo.gl\/QWJKQ3XN3DqQ3TwaA\" target=\"_blank\" rel=\"noreferrer noopener\"><strong>POMERIGGIO <\/strong>&#8211; Giochi<\/a><\/div>\n<\/div>\n\n\n\n<h2 class=\"has-vivid-red-color has-text-color wp-block-heading\"><strong>Sabato 05 Settembre 2020<\/strong><\/h2>\n\n\n\n<div class=\"wp-block-buttons is-layout-flex wp-block-buttons-is-layout-flex\">\n<div class=\"wp-block-button is-style-outline is-style-outline--12\"><a class=\"wp-block-button__link has-luminous-vivid-amber-to-luminous-vivid-orange-gradient-background has-background\" href=\"https:\/\/photos.app.goo.gl\/defWRM6Z2ubwCJyR7\" target=\"_blank\" rel=\"noreferrer noopener\"><strong>MATTINA<\/strong> &#8211; Giochi<\/a><\/div>\n<\/div>\n\n\n\n<div class=\"wp-block-buttons is-layout-flex wp-block-buttons-is-layout-flex\">\n<div class=\"wp-block-button is-style-outline is-style-outline--13\"><a class=\"wp-block-button__link has-luminous-vivid-amber-to-luminous-vivid-orange-gradient-background has-background\" href=\"https:\/\/photos.app.goo.gl\/rRvi8jWiYYyKi7ZK9\" target=\"_blank\" rel=\"noreferrer noopener\"><strong>POMERIGGIO <\/strong>&#8211; Giochi<\/a><\/div>\n<\/div>\n\n\n\n<div class=\"wp-block-buttons is-layout-flex wp-block-buttons-is-layout-flex\">\n<div class=\"wp-block-button is-style-outline is-style-outline--14\"><a class=\"wp-block-button__link has-luminous-vivid-amber-to-luminous-vivid-orange-gradient-background has-background\" href=\"https:\/\/photos.app.goo.gl\/LJ7RHrHKhMqp4uYs7\" target=\"_blank\" rel=\"noreferrer noopener\"><strong>SERATA FINALE <\/strong>&#8211; Foto<\/a><\/div>\n<\/div>\n\n\n\n<div class=\"wp-block-buttons is-layout-flex wp-block-buttons-is-layout-flex\">\n<div class=\"wp-block-button is-style-outline is-style-outline--15\"><a class=\"wp-block-button__link has-luminous-vivid-amber-to-luminous-vivid-orange-gradient-background has-background\"><strong>FILMATO SERATA FINALE<\/strong> <em>(disponibile a breve)<\/em><\/a><\/div>\n<\/div>\n\n\n\n<div class=\"wp-block-buttons is-layout-flex wp-block-buttons-is-layout-flex\">\n<div class=\"wp-block-button is-style-outline is-style-outline--16\"><a class=\"wp-block-button__link has-luminous-vivid-amber-to-luminous-vivid-orange-gradient-background has-background\" href=\"https:\/\/www.youtube.com\/watch?v=z74O8GGfiXA\" target=\"_blank\" rel=\"noreferrer noopener\"><strong>XXV Giubileo Viviana Grilli<\/strong> &#8211; Filmato Ricordo<\/a><\/div>\n<\/div>\n\n\n\n<div class=\"wp-block-buttons is-layout-flex wp-block-buttons-is-layout-flex\">\n<div class=\"wp-block-button is-style-outline is-style-outline--17\"><a class=\"wp-block-button__link has-luminous-vivid-amber-to-luminous-vivid-orange-gradient-background has-background\" href=\"https:\/\/youtu.be\/dSm_QrophdQ\" target=\"_blank\" rel=\"noreferrer noopener\"><strong>IGIENIZZAZIONE DELLE MANI <\/strong>come Barbara D&#8217;Urso ci insegna!<\/a><\/div>\n<\/div>\n\n\n\n<p><code><div class=\"row foto-attivita\">\n    <\/div><\/code><\/p>\n","protected":false},"excerpt":{"rendered":"<p>Luned\u00ec 31 Agosto 2020 Marted\u00ec 01 Settembre 2020 Mercoled\u00ec 02 Settembre 2020 Gioved\u00ec 03 Settembre 2020 Venerd\u00ec 04 Settembre 2020 Sabato 05 Settembre 2020<\/p>\n","protected":false},"author":1,"featured_media":0,"parent":0,"menu_order":0,"comment_status":"closed","ping_status":"closed","template":"","meta":{"footnotes":""},"class_list":["post-201","page","type-page","status-publish","hentry"],"_links":{"self":[{"href":"https:\/\/www.parrocchiadigraffignana.it\/summerlife\/wp-json\/wp\/v2\/pages\/201","targetHints":{"allow":["GET"]}}],"collection":[{"href":"https:\/\/www.parrocchiadigraffignana.it\/summerlife\/wp-json\/wp\/v2\/pages"}],"about":[{"href":"https:\/\/www.parrocchiadigraffignana.it\/summerlife\/wp-json\/wp\/v2\/types\/page"}],"author":[{"embeddable":true,"href":"https:\/\/www.parrocchiadigraffignana.it\/summerlife\/wp-json\/wp\/v2\/users\/1"}],"replies":[{"embeddable":true,"href":"https:\/\/www.parrocchiadigraffignana.it\/summerlife\/wp-json\/wp\/v2\/comments?post=201"}],"version-history":[{"count":22,"href":"https:\/\/www.parrocchiadigraffignana.it\/summerlife\/wp-json\/wp\/v2\/pages\/201\/revisions"}],"predecessor-version":[{"id":261,"href":"https:\/\/www.parrocchiadigraffignana.it\/summerlife\/wp-json\/wp\/v2\/pages\/201\/revisions\/261"}],"wp:attachment":[{"href":"https:\/\/www.parrocchiadigraffignana.it\/summerlife\/wp-json\/wp\/v2\/media?parent=201"}],"curies":[{"name":"wp","href":"https:\/\/api.w.org\/{rel}","templated":true}]}}