{"id":18,"date":"2021-02-06T15:33:50","date_gmt":"2021-02-06T14:33:50","guid":{"rendered":"https:\/\/www.parrocchiadigraffignana.it\/scuola-dell-infanzia\/?page_id=18"},"modified":"2025-09-21T17:52:55","modified_gmt":"2025-09-21T15:52:55","slug":"storia","status":"publish","type":"page","link":"https:\/\/www.parrocchiadigraffignana.it\/scuola-dell-infanzia\/storia\/","title":{"rendered":"Storia"},"content":{"rendered":"\n<p><strong>SCUOLA DELL\u2019INFANZIA PARROCCHIALE PARITARIA<\/strong><\/p>\n\n\n\n<p><strong>La sua storia dal 1954 ad oggi<\/strong><strong><\/strong><\/p>\n\n\n\n<p>Nel 1946 \u201cl\u2019asilo\u201d era un Ente morale presieduto dal Sindaco e gestito dalle suore di Maria Bambina. Nel 1949 era frequentato da 100 bambini e la sistemazione era assolutamente insufficiente per cui, nel 1954, il parroco Don Giacomo Gianoli propose al Sindaco Enrico Ferrari la trasformazione dell\u2019asilo da comunale a parrocchiale e la costruzione di un nuovo edificio, nel quale potessero trovare posto sia le aule per i bambini che la casa delle suore di Maria Bambina che lo gestivano. La Giunta Comunale accolse la proposta e contribu\u00ec economicamente alla sua realizzazione, ottenendo un cospicuo finanziamento dalla Provincia di Milano. Il giorno 8 agosto venne posata la prima pietra per la sua costruzione. <\/p>\n\n\n\n<p> &nbsp;Il nuovo edificio fu inaugurato Domenica 11 settembre 1955.<\/p>\n\n\n\n<figure class=\"wp-block-image size-large is-resized\"><img loading=\"lazy\" decoding=\"async\" width=\"1024\" height=\"968\" src=\"https:\/\/www.parrocchiadigraffignana.it\/scuola-dell-infanzia\/wp-content\/uploads\/sites\/5\/2021\/04\/posa-prima-pietra-1-1024x968.jpg\" alt=\"\" class=\"wp-image-282\" style=\"width:492px;height:465px\" srcset=\"https:\/\/www.parrocchiadigraffignana.it\/scuola-dell-infanzia\/wp-content\/uploads\/sites\/5\/2021\/04\/posa-prima-pietra-1-1024x968.jpg 1024w, https:\/\/www.parrocchiadigraffignana.it\/scuola-dell-infanzia\/wp-content\/uploads\/sites\/5\/2021\/04\/posa-prima-pietra-1-300x284.jpg 300w, https:\/\/www.parrocchiadigraffignana.it\/scuola-dell-infanzia\/wp-content\/uploads\/sites\/5\/2021\/04\/posa-prima-pietra-1-768x726.jpg 768w, https:\/\/www.parrocchiadigraffignana.it\/scuola-dell-infanzia\/wp-content\/uploads\/sites\/5\/2021\/04\/posa-prima-pietra-1.jpg 1080w\" sizes=\"auto, (max-width: 1024px) 100vw, 1024px\" \/><\/figure>\n\n\n\n<p>&nbsp;La gestione della Scuola rimase affidata alle suore di Maria Bambina fino&nbsp;al 1984, anno in cui fu attivata una convenzione tra il Comune e la Scuola Parrocchiale per un progressivo inserimento delle insegnanti laiche.<\/p>\n\n\n\n<figure class=\"wp-block-image size-large is-resized is-style-default\"><img loading=\"lazy\" decoding=\"async\" width=\"1024\" height=\"635\" src=\"https:\/\/www.parrocchiadigraffignana.it\/scuola-dell-infanzia\/wp-content\/uploads\/sites\/5\/2021\/04\/IMG-20210417-WA0013-1024x635.jpg\" alt=\"\" class=\"wp-image-299\" style=\"width:481px;height:299px\" srcset=\"https:\/\/www.parrocchiadigraffignana.it\/scuola-dell-infanzia\/wp-content\/uploads\/sites\/5\/2021\/04\/IMG-20210417-WA0013-1024x635.jpg 1024w, https:\/\/www.parrocchiadigraffignana.it\/scuola-dell-infanzia\/wp-content\/uploads\/sites\/5\/2021\/04\/IMG-20210417-WA0013-300x186.jpg 300w, https:\/\/www.parrocchiadigraffignana.it\/scuola-dell-infanzia\/wp-content\/uploads\/sites\/5\/2021\/04\/IMG-20210417-WA0013-768x476.jpg 768w, https:\/\/www.parrocchiadigraffignana.it\/scuola-dell-infanzia\/wp-content\/uploads\/sites\/5\/2021\/04\/IMG-20210417-WA0013.jpg 1350w\" sizes=\"auto, (max-width: 1024px) 100vw, 1024px\" \/><\/figure>\n\n\n\n<p>Nel 1974 la Scuola Materna ha aderito alla FISM<\/p>\n\n\n\n<p>Il 14 dicembre 1976 il Comune di Graffignana, visto il parere favorevole n. 44806 del Comando Provinciale dei Vigili del Fuoco di Milano, concede al Parroco Don Antonio Mascheroni la licenza per la formazione di una Centralina termica esterna (Pratica n. 132\/76 Prot. N. 1803).<\/p>\n\n\n\n<p>Il 2 settembre 1983 il Dirigente del Servizio d\u2019Igiene Pubblica ed Ambientale e di Tutela dei luoghi di lavoro &nbsp;dell\u2019Associazione dei Comuni \u201cLodigiano nord-ovest\u201d U.S.S.L. 55, dopo un sopralluogo di controllo, attesta che i locali adibiti a Scuola Materna siti nel Comune di Graffignana Via F.Cavallotti sono idonei all\u2019uso.<\/p>\n\n\n\n<p>Il &nbsp;5 ottobre 1988 il Comune di Graffignana rilascia a Don Antonio Mascheroni &nbsp;la Concessione edilizia per la sostituzione dei serramenti &nbsp;della scuola (Pratica n. 81\/88 Prot. N. 2400).<\/p>\n\n\n\n<p>Il 29 settembre 1990 il Consiglio Comunale con delibera n. 81, stipula una convenzione con la Parrocchia specificando che &nbsp;\u201c la struttura \u00e8 l\u2019unica esistente nel territorio comunale e pertanto assolve ad un servizio sociale di pubblico interesse\u201d<\/p>\n\n\n\n<p>Il 12 luglio 1991 il Comune di Graffignana &nbsp;rilascia &nbsp;al Parroco Don Giancarlo Sali la Concessione Edilizia per la ristrutturazione e l\u2019ampliamento della Scuola Materna (Nuovo ingresso con Terrazzo e locale Refezione) (Pratica n. 12\/91 Prot. N. 354). Il 13 dicembre 1991 il Dirigente del Servizio d\u2019Igiene Pubblica ed ambientale e di Tutela della Salute nei Luoghi di Lavoro &nbsp;dell\u2019Associazione dei Comuni &nbsp;\u201cLodigiano nord-ovest\u201d U.S.S.L. 55, Esprime Parere Sanitario Favorevole al rilascio dell\u2019autorizzazione comunale di agibilit\u00e0.<\/p>\n\n\n\n<p>Il 28 febbraio 2001 Il Ministero della Pubblica Istruzione ( Prot. N. 488\/2617), vista la Legge n.62 del 10 marzo 2000 ed a seguito della richiesta del Parroco Don Davide Dacc\u00f2, riconosce alla nostra Scuola Materna la qualit\u00e0 di \u201cSCUOLA PARITARIA\u201d a partire dall\u2019anno scolastico 2000\/2001.<\/p>\n\n\n\n<p>Il 21 giugno 2004 &nbsp;il parroco don Davide Dacc\u00f2 riceve dalla ditta TESECO l\u2019 offerta per la fornitura e la posa in opera della copertura del tetto della scuola che verr\u00e0 realizzata successivamente.<\/p>\n\n\n\n<p>Il 21 novembre 2016 il parroco Don Luigi Gatti &nbsp;inoltra al Comune la richiesta &nbsp;di autorizzazione per l\u2019apertura della &nbsp;sezione primavera.<\/p>\n\n\n\n<p>&nbsp;Il Comune in data 31 gennaio 2017 con la delibera di Giunta n.11 rilascia l\u2019autorizzazione al funzionamento della Sezione Primavera a partire dall\u2019anno scolastico 2016\/2017.<\/p>\n\n\n\n<p>A partire dall\u2019anno scolastico 2016\/2017 &nbsp;il Parroco Don Luigi Gatti avvia un progetto di riqualificazione degli spazi interni ed esteri della scuola, secondo la normativa di legge sulla sicurezza . Si proceder\u00e0 per gradi a partire dagli interventi pi\u00f9 urgenti.<\/p>\n\n\n\n<p>Nel 2017 vengono &nbsp;acquistati &nbsp;gli arredi ed i giochi per l\u2019avvio della Sezione Primavera e si rinnovano i giochi didattici &nbsp;per &nbsp;tutte le tre sezioni della Scuola dell\u2019Infanzia.<\/p>\n\n\n\n<p>&nbsp;Con il contributo della Fondazione BPL vengono sostituite le seggioline per la sala mensa ed acquistate le brandine con tela traspirante ignifuga a norma di legge per la Sala della Nanna.<\/p>\n\n\n\n<p>&nbsp;Con il contributo della Fondazione Comunitaria di Lodi, dei genitori e di molti parrocchiani vengono rimossi i giochi per l\u2019esterno, usurati dall\u2019uso e dalle intemperie e sostituiti con quelli che rispondono agli standard di sicurezza e con la relativa pavimentazione antitrauma a protezione dell\u2019area sottostante.<\/p>\n\n\n\n<p>Nel 2018 Vengono rimossi i cancelli arrugginiti che delimitano l\u2019area gioco e sostituiti con quelli nuovi donati da un genitore.<\/p>\n\n\n\n<p>Nel 2019 con il contributo della Fondazione Comunitaria si procede alla demolizione della recinzione pericolante del giardino e si sostituisce con quella nuova.<\/p>\n\n\n\n<p>Nel 2020 la pandemia di COVID 19 obbliga la scuola a rivedere la sua organizzazione ed a preparare un rigido protocollo di sicurezza a difesa della salute di tutti.<\/p>\n\n\n\n<p>Nell\u2019estate del 2024, si sono resi necessari alcuni lavori di ristrutturazione all\u2019interno della scuola: la stanza dedicata a ufficio \u00e8 diventata un nuovo bagnetto per i bambini ed \u00e8 stato creato un nuovo ufficio nello spazio di passaggio per raggiungere il refettorio.<\/p>\n\n\n\n<p>A settembre 2024, Mons. Maurizio Malvestiti, Vescovo di Lodi, decide di creare l\u2019unit\u00e0 Pastorale delle due comunit\u00e0 di Borghetto Lodigiano e Graffignana, assegnando a Don Paolo Beltrametti, gi\u00e0 Parroco di Borghetto Lodigiano, la guida della scuola dell\u2019infanzia, diventando il nuovo Rappresentante legale. A Don Massimiliano Boriani viene assegnata la guida della comunit\u00e0 di Graffignana. <\/p>\n\n\n\n<p>A luglio 2025, \u00e8 stato rifatto completamente il tetto sovrastante la chiesetta(utilizzata come sala della nanna) e il refettorio, ammalorato non solo dal tempo ma anche dall\u2019azione dei piccioni.<\/p>\n","protected":false},"excerpt":{"rendered":"<p>SCUOLA DELL\u2019INFANZIA PARROCCHIALE PARITARIA La sua storia dal 1954 ad oggi Nel 1946 \u201cl\u2019asilo\u201d era un Ente morale presieduto dal Sindaco e gestito dalle suore [&hellip;]<\/p>\n","protected":false},"author":1,"featured_media":0,"parent":0,"menu_order":0,"comment_status":"closed","ping_status":"closed","template":"","meta":{"footnotes":""},"class_list":["post-18","page","type-page","status-publish","hentry"],"_links":{"self":[{"href":"https:\/\/www.parrocchiadigraffignana.it\/scuola-dell-infanzia\/wp-json\/wp\/v2\/pages\/18","targetHints":{"allow":["GET"]}}],"collection":[{"href":"https:\/\/www.parrocchiadigraffignana.it\/scuola-dell-infanzia\/wp-json\/wp\/v2\/pages"}],"about":[{"href":"https:\/\/www.parrocchiadigraffignana.it\/scuola-dell-infanzia\/wp-json\/wp\/v2\/types\/page"}],"author":[{"embeddable":true,"href":"https:\/\/www.parrocchiadigraffignana.it\/scuola-dell-infanzia\/wp-json\/wp\/v2\/users\/1"}],"replies":[{"embeddable":true,"href":"https:\/\/www.parrocchiadigraffignana.it\/scuola-dell-infanzia\/wp-json\/wp\/v2\/comments?post=18"}],"version-history":[{"count":11,"href":"https:\/\/www.parrocchiadigraffignana.it\/scuola-dell-infanzia\/wp-json\/wp\/v2\/pages\/18\/revisions"}],"predecessor-version":[{"id":595,"href":"https:\/\/www.parrocchiadigraffignana.it\/scuola-dell-infanzia\/wp-json\/wp\/v2\/pages\/18\/revisions\/595"}],"wp:attachment":[{"href":"https:\/\/www.parrocchiadigraffignana.it\/scuola-dell-infanzia\/wp-json\/wp\/v2\/media?parent=18"}],"curies":[{"name":"wp","href":"https:\/\/api.w.org\/{rel}","templated":true}]}}